{"id":1273,"date":"2022-09-13T12:39:21","date_gmt":"2022-09-13T15:39:21","guid":{"rendered":"https:\/\/imobiliarize.com.br\/teste\/?page_id=1273"},"modified":"2022-09-13T13:40:00","modified_gmt":"2022-09-13T16:40:00","slug":"administracao","status":"publish","type":"page","link":"https:\/\/imobiliarize.com.br\/teste\/administracao\/","title":{"rendered":"Administra\u00e7\u00e3o"},"content":{"rendered":"\t\t<div data-elementor-type=\"wp-page\" data-elementor-id=\"1273\" class=\"elementor elementor-1273\">\n\t\t\t\t\t\t\t\t\t<section class=\"elementor-section elementor-top-section elementor-element elementor-element-a1ce00a elementor-section-boxed elementor-section-height-default elementor-section-height-default\" data-id=\"a1ce00a\" data-element_type=\"section\" data-settings=\"{&quot;background_background&quot;:&quot;classic&quot;,&quot;_ha_eqh_enable&quot;:false}\">\n\t\t\t\t\t\t\t<div class=\"elementor-background-overlay\"><\/div>\n\t\t\t\t\t\t\t<div class=\"elementor-container elementor-column-gap-default\">\n\t\t\t\t\t<div class=\"elementor-column elementor-col-100 elementor-top-column elementor-element elementor-element-316e9f1\" data-id=\"316e9f1\" data-element_type=\"column\">\n\t\t\t<div class=\"elementor-widget-wrap elementor-element-populated\">\n\t\t\t\t\t\t\t\t<div class=\"elementor-element elementor-element-82fed98 elementor-widget elementor-widget-spacer\" data-id=\"82fed98\" data-element_type=\"widget\" data-widget_type=\"spacer.default\">\n\t\t\t\t<div class=\"elementor-widget-container\">\n\t\t\t\t\t<div class=\"elementor-spacer\">\n\t\t\t<div class=\"elementor-spacer-inner\"><\/div>\n\t\t<\/div>\n\t\t\t\t<\/div>\n\t\t\t\t<\/div>\n\t\t\t\t<div class=\"elementor-element elementor-element-dc7f25b elementor-widget elementor-widget-page-title\" data-id=\"dc7f25b\" data-element_type=\"widget\" data-settings=\"{&quot;align&quot;:&quot;center&quot;}\" data-widget_type=\"page-title.default\">\n\t\t\t\t<div class=\"elementor-widget-container\">\n\t\t\t\t\t\n\t\t<div class=\"hfe-page-title hfe-page-title-wrapper elementor-widget-heading\">\n\n\t\t\t\t\t\t\t\t\t\t\t<a href=\"https:\/\/imobiliarize.com.br\/teste\">\n\t\t\t\t\t\t<h2 class=\"elementor-heading-title elementor-size-default\">\n\t\t\t\t\t\t\t\t\n\t\t\t\tAdministra\u00e7\u00e3o  \n\t\t\t<\/h2 > \n\t\t\t\t\t\t\t\t\t<\/a>\n\t\t\t\t\t<\/div>\n\t\t\t\t<\/div>\n\t\t\t\t<\/div>\n\t\t\t\t<div class=\"elementor-element elementor-element-fd4060e elementor-widget elementor-widget-spacer\" data-id=\"fd4060e\" data-element_type=\"widget\" data-widget_type=\"spacer.default\">\n\t\t\t\t<div class=\"elementor-widget-container\">\n\t\t\t\t\t<div class=\"elementor-spacer\">\n\t\t\t<div class=\"elementor-spacer-inner\"><\/div>\n\t\t<\/div>\n\t\t\t\t<\/div>\n\t\t\t\t<\/div>\n\t\t\t\t\t<\/div>\n\t\t<\/div>\n\t\t\t\t\t\t\t<\/div>\n\t\t<\/section>\n\t\t\t\t<section class=\"elementor-section elementor-top-section elementor-element elementor-element-c4cc040 elementor-section-height-min-height elementor-section-boxed elementor-section-height-default elementor-section-items-middle\" data-id=\"c4cc040\" data-element_type=\"section\" data-settings=\"{&quot;background_background&quot;:&quot;classic&quot;,&quot;_ha_eqh_enable&quot;:false}\">\n\t\t\t\t\t\t\t<div class=\"elementor-background-overlay\"><\/div>\n\t\t\t\t\t\t\t<div class=\"elementor-container elementor-column-gap-default\">\n\t\t\t\t\t<div class=\"elementor-column elementor-col-100 elementor-top-column elementor-element elementor-element-f49e6c7\" data-id=\"f49e6c7\" data-element_type=\"column\">\n\t\t\t<div class=\"elementor-widget-wrap elementor-element-populated\">\n\t\t\t\t\t\t\t\t<div class=\"elementor-element elementor-element-9d1c033 elementor-widget elementor-widget-spacer\" data-id=\"9d1c033\" data-element_type=\"widget\" data-widget_type=\"spacer.default\">\n\t\t\t\t<div class=\"elementor-widget-container\">\n\t\t\t\t\t<div class=\"elementor-spacer\">\n\t\t\t<div class=\"elementor-spacer-inner\"><\/div>\n\t\t<\/div>\n\t\t\t\t<\/div>\n\t\t\t\t<\/div>\n\t\t\t\t<div class=\"elementor-element elementor-element-4ac8804 elementor-widget elementor-widget-text-editor\" data-id=\"4ac8804\" data-element_type=\"widget\" data-widget_type=\"text-editor.default\">\n\t\t\t\t<div class=\"elementor-widget-container\">\n\t\t\t\t\t\t\t<p>Administra\u00e7\u00e3o de bens im\u00f3veis<\/p>\t\t\t\t\t\t<\/div>\n\t\t\t\t<\/div>\n\t\t\t\t<div class=\"elementor-element elementor-element-9c86645 elementor-widget elementor-widget-text-editor\" data-id=\"9c86645\" data-element_type=\"widget\" data-widget_type=\"text-editor.default\">\n\t\t\t\t<div class=\"elementor-widget-container\">\n\t\t\t\t\t\t\t<p>Atividade realizada por profissional capacitado para facilitar a vida do dono do im\u00f3vel, tratando de quest\u00f5es relacionadas a:<br \/>\u2022 Presta\u00e7\u00e3o de contas;\u00a0<br \/><span style=\"font-size: 14px; color: var( --e-global-color-f3f434a );\">\u2022 Lan\u00e7amento de pagamentos de impostos; <br \/>\u2022 Vistorias;<br \/>\u2022 Sele\u00e7\u00e3o de inquilinos ou fiadores;<br \/><\/span><span style=\"color: var( --e-global-color-f3f434a ); font-size: 14px;\">\u2022 Avalia\u00e7\u00e3o e divulga\u00e7\u00e3o do im\u00f3vel;<br \/>\u2022 Confec\u00e7\u00e3o de contratos de aluguel;<br \/>\u2022 Emiss\u00e3o e envio de boletos;<br \/>\u2022 Cobran\u00e7as e negocia\u00e7\u00e3o de d\u00edvidas;<br \/>\u2022 Ajuda na solu\u00e7\u00e3o de documenta\u00e7\u00f5es e servi\u00e7os burocr\u00e1ticos;\u00a0<br \/>\u2022 Resolu\u00e7\u00e3o de conflitos entre inquilinos e locat\u00e1rios.<br \/><br \/><\/span><\/p>\t\t\t\t\t\t<\/div>\n\t\t\t\t<\/div>\n\t\t\t\t<div class=\"elementor-element elementor-element-96e7491 elementor-widget elementor-widget-text-editor\" data-id=\"96e7491\" data-element_type=\"widget\" data-widget_type=\"text-editor.default\">\n\t\t\t\t<div class=\"elementor-widget-container\">\n\t\t\t\t\t\t\t<p>Administra\u00e7\u00e3o de condom\u00ednios<\/p>\t\t\t\t\t\t<\/div>\n\t\t\t\t<\/div>\n\t\t\t\t<div class=\"elementor-element elementor-element-2a94661 elementor-widget elementor-widget-text-editor\" data-id=\"2a94661\" data-element_type=\"widget\" data-widget_type=\"text-editor.default\">\n\t\t\t\t<div class=\"elementor-widget-container\">\n\t\t\t\t\t\t\t<p style=\"font-variant-ligatures: normal; font-variant-caps: normal; font-family: Roboto, sans-serif; font-size: 14px; font-style: normal; font-weight: 400; text-align: justify;\">A administra\u00e7\u00e3o de condom\u00ednios \u00e9 um servi\u00e7o que auxilia o s\u00edndico na gest\u00e3o condominial, tornando os problemas com as quest\u00f5es, burocr\u00e1ticas, cont\u00e1beis e jur\u00eddicas mais simples e eficientes de serem resolvidos e podendo at\u00e9 ter diminui\u00e7\u00f5es nas taxas banc\u00e1rias e na pr\u00f3pria taxa condominial por ter uma gest\u00e3o mais profissional. As principais atribui\u00e7\u00f5es dessa administra\u00e7\u00e3o s\u00e3o:\u00a0<br \/>\u2022 Elaborar a folha de pagamento dos funcion\u00e1rios e os contratos de trabalho;<br \/>\u2022 Emitir boletos de pagamento da taxa condominial;<br \/>\u2022 Presta\u00e7\u00e3o de contas da taxa condominial;<br \/>\u2022 Cuidar das contas a pagar;<br \/>\u2022 Organizar o acesso aos documentos do condom\u00ednio e a pasta de presta\u00e7\u00e3o de contas;\u00a0<br \/>\u2022 Gerenciar os encargos previdenci\u00e1rios;<br \/>\u2022 Gest\u00e3o tribut\u00e1ria do condom\u00ednio;<br \/>\u2022 Demonstrativos de receitas e despesas;<br \/>\u2022 Realizar as cobran\u00e7as de inadimpl\u00eancia e multas;<br \/>\u2022 Gerenciar fundo de reserva do condom\u00ednio;<br \/>\u2022 Oferecer aux\u00edlio ao s\u00edndico e aos cond\u00f4minos;<br \/>\u2022 Administrar &#8220;conta pool&#8221;, caso houver;<br \/>\u2022 Controle dos servi\u00e7os preventivos e manuten\u00e7\u00f5es;<br \/>\u2022 Auxiliar na realiza\u00e7\u00e3o de reuni\u00f5es de assembleia;<br \/>\u2022 Treinamento de funcion\u00e1rios;<br \/>\u2022 Capta\u00e7\u00e3o de or\u00e7amentos com empresas terceirizadas.<\/p>\t\t\t\t\t\t<\/div>\n\t\t\t\t<\/div>\n\t\t\t\t<div class=\"elementor-element elementor-element-6febbb2 elementor-widget elementor-widget-text-editor\" data-id=\"6febbb2\" data-element_type=\"widget\" data-widget_type=\"text-editor.default\">\n\t\t\t\t<div class=\"elementor-widget-container\">\n\t\t\t\t\t\t\t<p>Administra\u00e7\u00e3o empresarial remota<\/p>\t\t\t\t\t\t<\/div>\n\t\t\t\t<\/div>\n\t\t\t\t<div class=\"elementor-element elementor-element-de72c71 elementor-widget elementor-widget-text-editor\" data-id=\"de72c71\" data-element_type=\"widget\" data-widget_type=\"text-editor.default\">\n\t\t\t\t<div class=\"elementor-widget-container\">\n\t\t\t\t\t\t\t<p style=\"text-align: justify;\">A administra\u00e7\u00e3o empresarial remota traz v\u00e1rias vantagens para seu neg\u00f3cio, economizando capital pois n\u00e3o tem v\u00ednculo empregat\u00edcio ou encargos trabalhistas e por ser a dist\u00e2ncia n\u00e3o demanda gastos com espa\u00e7o f\u00edsico e equipamentos. Temos a expertise em rotinas administrativas que ajudam na tomada de decis\u00e3o e rapidez para solucionar problemas e obter resultados. Os segmentos que s\u00e3o contemplados na administra\u00e7\u00e3o empresarial remota s\u00e3o:<br \/>\u2022 Finan\u00e7as;<br \/>\u2022 Legal Compliance;<br \/>\u2022 Log\u00edstica;<br \/>\u2022 Compras corporativas;<br \/>\u2022 Projetos;\u00a0<br \/>\u2022 Consultorias;\u00a0<br \/>\u2022 Recursos Humanos;<br \/>\u2022 Estrutura\u00e7\u00e3o de empresas nascentes;<br \/>\u2022 Elabora\u00e7\u00e3o de planos de neg\u00f3cios.\u00a0<\/p>\t\t\t\t\t\t<\/div>\n\t\t\t\t<\/div>\n\t\t\t\t\t<\/div>\n\t\t<\/div>\n\t\t\t\t\t\t\t<\/div>\n\t\t<\/section>\n\t\t\t\t\t\t\t<\/div>\n\t\t","protected":false},"excerpt":{"rendered":"<p>Administra\u00e7\u00e3o Administra\u00e7\u00e3o de bens im\u00f3veis Atividade realizada por profissional capacitado para facilitar a vida do dono do im\u00f3vel, tratando de quest\u00f5es relacionadas a:\u2022 Presta\u00e7\u00e3o de contas;\u00a0\u2022 Lan\u00e7amento de pagamentos de impostos; \u2022 Vistorias;\u2022 Sele\u00e7\u00e3o de inquilinos ou fiadores;\u2022 Avalia\u00e7\u00e3o e divulga\u00e7\u00e3o do im\u00f3vel;\u2022 Confec\u00e7\u00e3o de contratos de aluguel;\u2022 Emiss\u00e3o e envio de boletos;\u2022 Cobran\u00e7as e [&hellip;]<\/p>\n","protected":false},"author":1,"featured_media":0,"parent":0,"menu_order":0,"comment_status":"closed","ping_status":"closed","template":"elementor_header_footer","meta":{"_bbp_topic_count":0,"_bbp_reply_count":0,"_bbp_total_topic_count":0,"_bbp_total_reply_count":0,"_bbp_voice_count":0,"_bbp_anonymous_reply_count":0,"_bbp_topic_count_hidden":0,"_bbp_reply_count_hidden":0,"_bbp_forum_subforum_count":0},"aioseo_notices":[],"_links":{"self":[{"href":"https:\/\/imobiliarize.com.br\/teste\/wp-json\/wp\/v2\/pages\/1273"}],"collection":[{"href":"https:\/\/imobiliarize.com.br\/teste\/wp-json\/wp\/v2\/pages"}],"about":[{"href":"https:\/\/imobiliarize.com.br\/teste\/wp-json\/wp\/v2\/types\/page"}],"author":[{"embeddable":true,"href":"https:\/\/imobiliarize.com.br\/teste\/wp-json\/wp\/v2\/users\/1"}],"replies":[{"embeddable":true,"href":"https:\/\/imobiliarize.com.br\/teste\/wp-json\/wp\/v2\/comments?post=1273"}],"version-history":[{"count":7,"href":"https:\/\/imobiliarize.com.br\/teste\/wp-json\/wp\/v2\/pages\/1273\/revisions"}],"predecessor-version":[{"id":1286,"href":"https:\/\/imobiliarize.com.br\/teste\/wp-json\/wp\/v2\/pages\/1273\/revisions\/1286"}],"wp:attachment":[{"href":"https:\/\/imobiliarize.com.br\/teste\/wp-json\/wp\/v2\/media?parent=1273"}],"curies":[{"name":"wp","href":"https:\/\/api.w.org\/{rel}","templated":true}]}}