{"id":15,"date":"2021-11-04T14:08:34","date_gmt":"2021-11-04T17:08:34","guid":{"rendered":"https:\/\/clientebaum.ga\/?page_id=15"},"modified":"2022-08-12T15:47:53","modified_gmt":"2022-08-12T18:47:53","slug":"blog","status":"publish","type":"page","link":"https:\/\/imobiliarize.com.br\/teste\/blog\/","title":{"rendered":"Blog"},"content":{"rendered":"\t\t<div data-elementor-type=\"wp-page\" data-elementor-id=\"15\" class=\"elementor elementor-15\">\n\t\t\t\t\t\t\t\t\t<section class=\"elementor-section elementor-top-section elementor-element elementor-element-f15f856 elementor-section-boxed elementor-section-height-default elementor-section-height-default\" data-id=\"f15f856\" data-element_type=\"section\" data-settings=\"{&quot;_ha_eqh_enable&quot;:false}\">\n\t\t\t\t\t\t<div class=\"elementor-container elementor-column-gap-default\">\n\t\t\t\t\t<div class=\"elementor-column elementor-col-100 elementor-top-column elementor-element elementor-element-e9bb5e1\" data-id=\"e9bb5e1\" data-element_type=\"column\">\n\t\t\t<div class=\"elementor-widget-wrap elementor-element-populated\">\n\t\t\t\t\t\t\t\t<div class=\"elementor-element elementor-element-dfbd5f3 elementor-grid-eael-col-3 elementor-grid-tablet-eael-col-2 elementor-grid-mobile-eael-col-1 elementor-widget elementor-widget-eael-post-grid\" data-id=\"dfbd5f3\" data-element_type=\"widget\" data-settings=\"{&quot;eael_post_grid_columns&quot;:&quot;eael-col-3&quot;,&quot;eael_post_grid_columns_tablet&quot;:&quot;eael-col-2&quot;,&quot;eael_post_grid_columns_mobile&quot;:&quot;eael-col-1&quot;}\" data-widget_type=\"eael-post-grid.default\">\n\t\t\t\t<div class=\"elementor-widget-container\">\n\t\t\t<div id=\"eael-post-grid-dfbd5f3\" class=\"eael-post-grid-container\">\n            <div class=\"eael-post-grid eael-post-appender eael-post-appender-dfbd5f3 eael-post-grid-style-default\" data-layout-mode=\"grid\"><article class=\"eael-grid-post eael-post-grid-column\" data-id=\"440\">\n        <div class=\"eael-grid-post-holder\">\n            <div class=\"eael-grid-post-holder-inner\"><div class=\"eael-entry-media\"><div class=\"eael-entry-overlay fade-in\"><i class=\"fas fa-long-arrow-alt-right\" aria-hidden=\"true\"><\/i><a href=\"https:\/\/imobiliarize.com.br\/teste\/2021\/11\/29\/certificacao-para-sindico-vale-a-pena\/\"><\/a><\/div><div class=\"eael-entry-thumbnail \">\n                <img width=\"300\" height=\"200\" src=\"https:\/\/imobiliarize.com.br\/teste\/wp-content\/uploads\/2022\/05\/construction-complex-with-high-rise-green-modern-residental-apartment-buildings-with-many-windows-and-balconies-in-city-residential-area-real-estate-development-300x200.jpg\" class=\"attachment-medium size-medium\" alt=\"\" loading=\"lazy\" srcset=\"https:\/\/imobiliarize.com.br\/teste\/wp-content\/uploads\/2022\/05\/construction-complex-with-high-rise-green-modern-residental-apartment-buildings-with-many-windows-and-balconies-in-city-residential-area-real-estate-development-300x200.jpg 300w, https:\/\/imobiliarize.com.br\/teste\/wp-content\/uploads\/2022\/05\/construction-complex-with-high-rise-green-modern-residental-apartment-buildings-with-many-windows-and-balconies-in-city-residential-area-real-estate-development-1024x683.jpg 1024w, https:\/\/imobiliarize.com.br\/teste\/wp-content\/uploads\/2022\/05\/construction-complex-with-high-rise-green-modern-residental-apartment-buildings-with-many-windows-and-balconies-in-city-residential-area-real-estate-development-768x512.jpg 768w, https:\/\/imobiliarize.com.br\/teste\/wp-content\/uploads\/2022\/05\/construction-complex-with-high-rise-green-modern-residental-apartment-buildings-with-many-windows-and-balconies-in-city-residential-area-real-estate-development-1536x1024.jpg 1536w, https:\/\/imobiliarize.com.br\/teste\/wp-content\/uploads\/2022\/05\/construction-complex-with-high-rise-green-modern-residental-apartment-buildings-with-many-windows-and-balconies-in-city-residential-area-real-estate-development-2048x1365.jpg 2048w\" sizes=\"(max-width: 300px) 100vw, 300px\" \/>\n            <\/div>\n        <\/div><div class=\"eael-entry-wrapper\"><header class=\"eael-entry-header\"><h2 class=\"eael-entry-title\"><a\n                        class=\"eael-grid-post-link\"\n                        href=\"https:\/\/imobiliarize.com.br\/teste\/2021\/11\/29\/certificacao-para-sindico-vale-a-pena\/\"\n                        title=\"SAIBA MAIS SOBRE ADMINISTRA\u00c7\u00c3O DE CONDOM\u00cdNIO\">SAIBA MAIS SOBRE ADMINISTRA\u00c7\u00c3O DE CONDOM\u00cdNIO<\/a><\/h2><\/header><div class=\"eael-entry-content\">\n                        <div class=\"eael-grid-post-excerpt\"><p>INTRODU\u00c7\u00c3O A realidade \u00e9 que administrar um condom\u00ednio hoje \u00e9...<\/p><a\n                            href=\"https:\/\/imobiliarize.com.br\/teste\/2021\/11\/29\/certificacao-para-sindico-vale-a-pena\/\"\n                            class=\"eael-post-elements-readmore-btn\">Leia mais<\/a><\/div>\n                    <\/div><\/div><\/div>\n        <\/div>\n    <\/article><article class=\"eael-grid-post eael-post-grid-column\" data-id=\"437\">\n        <div class=\"eael-grid-post-holder\">\n            <div class=\"eael-grid-post-holder-inner\"><div class=\"eael-entry-media\"><div class=\"eael-entry-overlay fade-in\"><i class=\"fas fa-long-arrow-alt-right\" aria-hidden=\"true\"><\/i><a href=\"https:\/\/imobiliarize.com.br\/teste\/2021\/11\/29\/descubra-o-que-faz-uma-administradora-de-condominio\/\"><\/a><\/div><div class=\"eael-entry-thumbnail \">\n                <img width=\"300\" height=\"200\" src=\"https:\/\/imobiliarize.com.br\/teste\/wp-content\/uploads\/2022\/05\/a-block-of-modern-european-residential-apartment-buildings-300x200.jpg\" class=\"attachment-medium size-medium\" alt=\"\" loading=\"lazy\" srcset=\"https:\/\/imobiliarize.com.br\/teste\/wp-content\/uploads\/2022\/05\/a-block-of-modern-european-residential-apartment-buildings-300x200.jpg 300w, https:\/\/imobiliarize.com.br\/teste\/wp-content\/uploads\/2022\/05\/a-block-of-modern-european-residential-apartment-buildings-1024x684.jpg 1024w, https:\/\/imobiliarize.com.br\/teste\/wp-content\/uploads\/2022\/05\/a-block-of-modern-european-residential-apartment-buildings-768x513.jpg 768w, https:\/\/imobiliarize.com.br\/teste\/wp-content\/uploads\/2022\/05\/a-block-of-modern-european-residential-apartment-buildings-1536x1025.jpg 1536w, https:\/\/imobiliarize.com.br\/teste\/wp-content\/uploads\/2022\/05\/a-block-of-modern-european-residential-apartment-buildings-2048x1367.jpg 2048w\" sizes=\"(max-width: 300px) 100vw, 300px\" \/>\n            <\/div>\n        <\/div><div class=\"eael-entry-wrapper\"><header class=\"eael-entry-header\"><h2 class=\"eael-entry-title\"><a\n                        class=\"eael-grid-post-link\"\n                        href=\"https:\/\/imobiliarize.com.br\/teste\/2021\/11\/29\/descubra-o-que-faz-uma-administradora-de-condominio\/\"\n                        title=\"SAIBA COMO REGULARIZAR O CONDOM\u00cdNIO\">SAIBA COMO REGULARIZAR O CONDOM\u00cdNIO<\/a><\/h2><\/header><div class=\"eael-entry-content\">\n                        <div class=\"eael-grid-post-excerpt\"><p>INTRODU\u00c7\u00c3O H\u00e1 um grave problema social que afeta seriamente as...<\/p><a\n                            href=\"https:\/\/imobiliarize.com.br\/teste\/2021\/11\/29\/descubra-o-que-faz-uma-administradora-de-condominio\/\"\n                            class=\"eael-post-elements-readmore-btn\">Leia mais<\/a><\/div>\n                    <\/div><\/div><\/div>\n        <\/div>\n    <\/article><article class=\"eael-grid-post eael-post-grid-column\" data-id=\"435\">\n        <div class=\"eael-grid-post-holder\">\n            <div class=\"eael-grid-post-holder-inner\"><div class=\"eael-entry-media\"><div class=\"eael-entry-overlay fade-in\"><i class=\"fas fa-long-arrow-alt-right\" aria-hidden=\"true\"><\/i><a href=\"https:\/\/imobiliarize.com.br\/teste\/2021\/11\/29\/11-dicas-para-colocar-em-pratica-no-condominio-em-2022\/\"><\/a><\/div><div class=\"eael-entry-thumbnail \">\n                <img width=\"300\" height=\"200\" src=\"https:\/\/imobiliarize.com.br\/teste\/wp-content\/uploads\/2022\/05\/modern-urban-residential-complex-300x200.jpg\" class=\"attachment-medium size-medium\" alt=\"\" loading=\"lazy\" srcset=\"https:\/\/imobiliarize.com.br\/teste\/wp-content\/uploads\/2022\/05\/modern-urban-residential-complex-300x200.jpg 300w, https:\/\/imobiliarize.com.br\/teste\/wp-content\/uploads\/2022\/05\/modern-urban-residential-complex-1024x683.jpg 1024w, https:\/\/imobiliarize.com.br\/teste\/wp-content\/uploads\/2022\/05\/modern-urban-residential-complex-768x512.jpg 768w, https:\/\/imobiliarize.com.br\/teste\/wp-content\/uploads\/2022\/05\/modern-urban-residential-complex-1536x1024.jpg 1536w, https:\/\/imobiliarize.com.br\/teste\/wp-content\/uploads\/2022\/05\/modern-urban-residential-complex-2048x1365.jpg 2048w\" sizes=\"(max-width: 300px) 100vw, 300px\" \/>\n            <\/div>\n        <\/div><div class=\"eael-entry-wrapper\"><header class=\"eael-entry-header\"><h2 class=\"eael-entry-title\"><a\n                        class=\"eael-grid-post-link\"\n                        href=\"https:\/\/imobiliarize.com.br\/teste\/2021\/11\/29\/11-dicas-para-colocar-em-pratica-no-condominio-em-2022\/\"\n                        title=\"VANTAGENS DE CONTRATAR UM S\u00cdNDICO PROFISSIONAL\">VANTAGENS DE CONTRATAR UM S\u00cdNDICO PROFISSIONAL<\/a><\/h2><\/header><div class=\"eael-entry-content\">\n                        <div class=\"eael-grid-post-excerpt\"><p>INTRODU\u00c7\u00c3O A necessidade de profissionais qualificados para administrar em condom\u00ednios...<\/p><a\n                            href=\"https:\/\/imobiliarize.com.br\/teste\/2021\/11\/29\/11-dicas-para-colocar-em-pratica-no-condominio-em-2022\/\"\n                            class=\"eael-post-elements-readmore-btn\">Leia mais<\/a><\/div>\n                    <\/div><\/div><\/div>\n        <\/div>\n    <\/article><\/div>\n            <div class=\"clearfix\"><\/div>\n        <\/div>\t\t<\/div>\n\t\t\t\t<\/div>\n\t\t\t\t\t<\/div>\n\t\t<\/div>\n\t\t\t\t\t\t\t<\/div>\n\t\t<\/section>\n\t\t\t\t\t\t\t<\/div>\n\t\t","protected":false},"excerpt":{"rendered":"<p>SAIBA MAIS SOBRE ADMINISTRA\u00c7\u00c3O DE CONDOM\u00cdNIO INTRODU\u00c7\u00c3O A realidade \u00e9 que administrar um condom\u00ednio hoje \u00e9&#8230; Leia mais SAIBA COMO REGULARIZAR O CONDOM\u00cdNIO INTRODU\u00c7\u00c3O H\u00e1 um grave problema social que afeta seriamente as&#8230; Leia mais VANTAGENS DE CONTRATAR UM S\u00cdNDICO PROFISSIONAL INTRODU\u00c7\u00c3O A necessidade de profissionais qualificados para administrar em condom\u00ednios&#8230; Leia mais Servi\u00e7os Leia [&hellip;]<\/p>\n","protected":false},"author":1,"featured_media":0,"parent":0,"menu_order":0,"comment_status":"closed","ping_status":"closed","template":"elementor_header_footer","meta":{"_bbp_topic_count":0,"_bbp_reply_count":0,"_bbp_total_topic_count":0,"_bbp_total_reply_count":0,"_bbp_voice_count":0,"_bbp_anonymous_reply_count":0,"_bbp_topic_count_hidden":0,"_bbp_reply_count_hidden":0,"_bbp_forum_subforum_count":0},"aioseo_notices":[],"_links":{"self":[{"href":"https:\/\/imobiliarize.com.br\/teste\/wp-json\/wp\/v2\/pages\/15"}],"collection":[{"href":"https:\/\/imobiliarize.com.br\/teste\/wp-json\/wp\/v2\/pages"}],"about":[{"href":"https:\/\/imobiliarize.com.br\/teste\/wp-json\/wp\/v2\/types\/page"}],"author":[{"embeddable":true,"href":"https:\/\/imobiliarize.com.br\/teste\/wp-json\/wp\/v2\/users\/1"}],"replies":[{"embeddable":true,"href":"https:\/\/imobiliarize.com.br\/teste\/wp-json\/wp\/v2\/comments?post=15"}],"version-history":[{"count":13,"href":"https:\/\/imobiliarize.com.br\/teste\/wp-json\/wp\/v2\/pages\/15\/revisions"}],"predecessor-version":[{"id":1032,"href":"https:\/\/imobiliarize.com.br\/teste\/wp-json\/wp\/v2\/pages\/15\/revisions\/1032"}],"wp:attachment":[{"href":"https:\/\/imobiliarize.com.br\/teste\/wp-json\/wp\/v2\/media?parent=15"}],"curies":[{"name":"wp","href":"https:\/\/api.w.org\/{rel}","templated":true}]}}