{"id":9,"date":"2021-11-04T14:05:25","date_gmt":"2021-11-04T17:05:25","guid":{"rendered":"https:\/\/clientebaum.ga\/?page_id=9"},"modified":"2022-09-15T14:45:37","modified_gmt":"2022-09-15T17:45:37","slug":"sobre","status":"publish","type":"page","link":"https:\/\/imobiliarize.com.br\/teste\/sobre\/","title":{"rendered":"Sobre"},"content":{"rendered":"\t\t<div data-elementor-type=\"wp-page\" data-elementor-id=\"9\" class=\"elementor elementor-9\">\n\t\t\t\t\t\t\t\t\t<section class=\"elementor-section elementor-top-section elementor-element elementor-element-a1ce00a elementor-section-boxed elementor-section-height-default elementor-section-height-default\" data-id=\"a1ce00a\" data-element_type=\"section\" data-settings=\"{&quot;background_background&quot;:&quot;classic&quot;,&quot;_ha_eqh_enable&quot;:false}\">\n\t\t\t\t\t\t\t<div class=\"elementor-background-overlay\"><\/div>\n\t\t\t\t\t\t\t<div class=\"elementor-container elementor-column-gap-default\">\n\t\t\t\t\t<div class=\"elementor-column elementor-col-100 elementor-top-column elementor-element elementor-element-316e9f1\" data-id=\"316e9f1\" data-element_type=\"column\">\n\t\t\t<div class=\"elementor-widget-wrap elementor-element-populated\">\n\t\t\t\t\t\t\t\t<div class=\"elementor-element elementor-element-82fed98 elementor-widget elementor-widget-spacer\" data-id=\"82fed98\" data-element_type=\"widget\" data-widget_type=\"spacer.default\">\n\t\t\t\t<div class=\"elementor-widget-container\">\n\t\t\t\t\t<div class=\"elementor-spacer\">\n\t\t\t<div class=\"elementor-spacer-inner\"><\/div>\n\t\t<\/div>\n\t\t\t\t<\/div>\n\t\t\t\t<\/div>\n\t\t\t\t<div class=\"elementor-element elementor-element-dc7f25b elementor-widget elementor-widget-page-title\" data-id=\"dc7f25b\" data-element_type=\"widget\" data-settings=\"{&quot;align&quot;:&quot;center&quot;}\" data-widget_type=\"page-title.default\">\n\t\t\t\t<div class=\"elementor-widget-container\">\n\t\t\t\t\t\n\t\t<div class=\"hfe-page-title hfe-page-title-wrapper elementor-widget-heading\">\n\n\t\t\t\t\t\t\t\t\t\t\t<a href=\"https:\/\/imobiliarize.com.br\/teste\">\n\t\t\t\t\t\t<h2 class=\"elementor-heading-title elementor-size-default\">\n\t\t\t\t\t\t\t\t\n\t\t\t\tSobre  \n\t\t\t<\/h2 > \n\t\t\t\t\t\t\t\t\t<\/a>\n\t\t\t\t\t<\/div>\n\t\t\t\t<\/div>\n\t\t\t\t<\/div>\n\t\t\t\t<div class=\"elementor-element elementor-element-fd4060e elementor-widget elementor-widget-spacer\" data-id=\"fd4060e\" data-element_type=\"widget\" data-widget_type=\"spacer.default\">\n\t\t\t\t<div class=\"elementor-widget-container\">\n\t\t\t\t\t<div class=\"elementor-spacer\">\n\t\t\t<div class=\"elementor-spacer-inner\"><\/div>\n\t\t<\/div>\n\t\t\t\t<\/div>\n\t\t\t\t<\/div>\n\t\t\t\t\t<\/div>\n\t\t<\/div>\n\t\t\t\t\t\t\t<\/div>\n\t\t<\/section>\n\t\t\t\t<section class=\"elementor-section elementor-top-section elementor-element elementor-element-c4cc040 elementor-section-height-min-height elementor-section-boxed elementor-section-height-default elementor-section-items-middle\" data-id=\"c4cc040\" data-element_type=\"section\" data-settings=\"{&quot;background_background&quot;:&quot;classic&quot;,&quot;_ha_eqh_enable&quot;:false}\">\n\t\t\t\t\t\t\t<div class=\"elementor-background-overlay\"><\/div>\n\t\t\t\t\t\t\t<div class=\"elementor-container elementor-column-gap-default\">\n\t\t\t\t\t<div class=\"elementor-column elementor-col-100 elementor-top-column elementor-element elementor-element-f49e6c7\" data-id=\"f49e6c7\" data-element_type=\"column\">\n\t\t\t<div class=\"elementor-widget-wrap elementor-element-populated\">\n\t\t\t\t\t\t\t\t<div class=\"elementor-element elementor-element-9d1c033 elementor-widget elementor-widget-spacer\" data-id=\"9d1c033\" data-element_type=\"widget\" data-widget_type=\"spacer.default\">\n\t\t\t\t<div class=\"elementor-widget-container\">\n\t\t\t\t\t<div class=\"elementor-spacer\">\n\t\t\t<div class=\"elementor-spacer-inner\"><\/div>\n\t\t<\/div>\n\t\t\t\t<\/div>\n\t\t\t\t<\/div>\n\t\t\t\t<div class=\"elementor-element elementor-element-4ac8804 elementor-widget elementor-widget-text-editor\" data-id=\"4ac8804\" data-element_type=\"widget\" data-widget_type=\"text-editor.default\">\n\t\t\t\t<div class=\"elementor-widget-container\">\n\t\t\t\t\t\t\t<p>Sobre a Imobiliarize.<\/p>\t\t\t\t\t\t<\/div>\n\t\t\t\t<\/div>\n\t\t\t\t<div class=\"elementor-element elementor-element-9c86645 elementor-widget elementor-widget-text-editor\" data-id=\"9c86645\" data-element_type=\"widget\" data-widget_type=\"text-editor.default\">\n\t\t\t\t<div class=\"elementor-widget-container\">\n\t\t\t\t\t\t\t<p><span data-contrast=\"none\">IMOBILIARIZE, uma administradora inovadora, remota e totalmente personalizada!<\/span><span data-ccp-props=\"{&quot;201341983&quot;:0,&quot;335551550&quot;:6,&quot;335551620&quot;:6,&quot;335559685&quot;:-851,&quot;335559739&quot;:200,&quot;335559740&quot;:276}\">&nbsp;<\/span><\/p>\n<p><span data-contrast=\"none\">Nosso prop\u00f3sito \u00e9 oferecer uma gest\u00e3o completa, \u00e1gil e transparente, por isso, dispomos de um sistema moderno e de f\u00e1cil utiliza\u00e7\u00e3o, que oferece para cada cond\u00f4mino um acesso personalizado, fazendo diferen\u00e7a na hora de contar com os benef\u00edcios que o seu condom\u00ednio oferece.<\/span><span data-ccp-props=\"{&quot;201341983&quot;:0,&quot;335551550&quot;:6,&quot;335551620&quot;:6,&quot;335559685&quot;:-851,&quot;335559739&quot;:200,&quot;335559740&quot;:276}\">&nbsp;<\/span><\/p>\n<p><span data-contrast=\"none\">Queremos proporcionar uma experi\u00eancia \u00fanica, com o intuito de facilitar a vida dos cond\u00f4minos: melhorando o conv\u00edvio, minimizando as burocracias, gerando satisfa\u00e7\u00e3o e tranquilidade para os nossos clientes.<\/span><span data-ccp-props=\"{&quot;201341983&quot;:0,&quot;335551550&quot;:6,&quot;335551620&quot;:6,&quot;335559685&quot;:-851,&quot;335559739&quot;:200,&quot;335559740&quot;:276}\">&nbsp;<\/span><\/p>\n<p><span data-contrast=\"none\">Contamos com uma equipe altamente especializada para satisfazer as necessidades dos nossos clientes. Servi\u00e7os personalizados em todas as \u00e1reas que atuamos. Desempenhamos atividades nas \u00e1reas: administrativa, financeira, cont\u00e1bil, fiscal, tribut\u00e1ria, regulariza\u00e7\u00e3o de im\u00f3veis, facilitando cada vez mais o seu dia-a-dia, pois aqui, voc\u00ea encontra a assessoria adequada para solucionar os seus conflitos.<\/span><span data-ccp-props=\"{&quot;201341983&quot;:0,&quot;335551550&quot;:6,&quot;335551620&quot;:6,&quot;335559685&quot;:-851,&quot;335559739&quot;:200,&quot;335559740&quot;:276}\">&nbsp;<\/span><\/p>\n<p><span data-contrast=\"none\">Promovemos uma gest\u00e3o din\u00e2mica, baseada na \u00e9tica, na singularidade e profissionalismo.<\/span><span data-ccp-props=\"{&quot;201341983&quot;:0,&quot;335551550&quot;:6,&quot;335551620&quot;:6,&quot;335559685&quot;:-851,&quot;335559739&quot;:200,&quot;335559740&quot;:276}\">&nbsp;<\/span><\/p>\n<p><span data-contrast=\"none\">Oferecemos para voc\u00ea um novo conceito de Gest\u00e3o Condominial, apresentamos IMOBILIZARIZE: a gest\u00e3o que far\u00e1 a diferen\u00e7a na sua vida e no seu bolso.<\/span><span data-ccp-props=\"{&quot;201341983&quot;:0,&quot;335551550&quot;:6,&quot;335551620&quot;:6,&quot;335559685&quot;:-851,&quot;335559739&quot;:200,&quot;335559740&quot;:276}\">&nbsp;<\/span><\/p>\t\t\t\t\t\t<\/div>\n\t\t\t\t<\/div>\n\t\t\t\t<div class=\"elementor-element elementor-element-96e7491 elementor-widget elementor-widget-text-editor\" data-id=\"96e7491\" data-element_type=\"widget\" data-widget_type=\"text-editor.default\">\n\t\t\t\t<div class=\"elementor-widget-container\">\n\t\t\t\t\t\t\t<p>Miss\u00e3o, Vis\u00e3o e Valores!<\/p>\t\t\t\t\t\t<\/div>\n\t\t\t\t<\/div>\n\t\t\t\t<div class=\"elementor-element elementor-element-2a94661 elementor-widget elementor-widget-text-editor\" data-id=\"2a94661\" data-element_type=\"widget\" data-widget_type=\"text-editor.default\">\n\t\t\t\t<div class=\"elementor-widget-container\">\n\t\t\t\t\t\t\t<p style=\"font-variant-ligatures: normal; font-variant-caps: normal; font-family: Roboto, sans-serif; font-size: 14px; font-style: normal; font-weight: 400; text-align: justify;\">A IMOBILIARIZE tem como miss\u00e3o: oferecer uma gest\u00e3o completa, oferecendo os melhores servi\u00e7os e aplica\u00e7\u00f5es para que nossos clientes sintam que todas\u00a0<br \/><span style=\"font-family: Roboto, sans-serif; font-size: 14px; font-style: normal; font-variant-ligatures: normal; font-variant-caps: normal; font-weight: 400; color: var( --e-global-color-f3f434a );\">as suas necessidades possam ser atendidas com facilidade; oferecer agilidade na resolu\u00e7\u00e3o dos problemas, diminuindo a dor de cabe\u00e7a com burocracias; <br \/>e oferecer\u00a0 transpar\u00eancia em todos os procedimentos e servi\u00e7os prestados, para sempre entregar uma experi\u00eancia.\u00a0<\/span><\/p><p style=\"font-variant-ligatures: normal; font-variant-caps: normal; font-family: Roboto, sans-serif; font-size: 14px; font-style: normal; font-weight: 400; text-align: justify;\">Temos a vis\u00e3o de ser refer\u00eancia em gest\u00e3o condominial, facilitando a vida dos cond\u00f4minos, melhorando o conv\u00edvio entre eles, minimizando as burocracias <br \/>e dando prioridade em atender os cond\u00f4minos de forma clara e transparente.\u00a0<\/p><p style=\"font-variant-ligatures: normal; font-variant-caps: normal; font-family: Roboto, sans-serif; font-size: 14px; font-style: normal; font-weight: 400; text-align: justify;\">Nossos valores s\u00e3o baseados na \u00e9tica, dinamismo, transpar\u00eancia, singularidade e profissionalismo.\u00a0<\/p>\t\t\t\t\t\t<\/div>\n\t\t\t\t<\/div>\n\t\t\t\t<div class=\"elementor-element elementor-element-6febbb2 elementor-widget elementor-widget-text-editor\" data-id=\"6febbb2\" data-element_type=\"widget\" data-widget_type=\"text-editor.default\">\n\t\t\t\t<div class=\"elementor-widget-container\">\n\t\t\t\t\t\t\t<p>Benef\u00edcios.\u00a0<\/p>\t\t\t\t\t\t<\/div>\n\t\t\t\t<\/div>\n\t\t\t\t<div class=\"elementor-element elementor-element-de72c71 elementor-widget elementor-widget-text-editor\" data-id=\"de72c71\" data-element_type=\"widget\" data-widget_type=\"text-editor.default\">\n\t\t\t\t<div class=\"elementor-widget-container\">\n\t\t\t\t\t\t\t<p><span style=\"font-family: Roboto, sans-serif; font-size: 14px; font-style: normal; font-variant-ligatures: normal; font-variant-caps: normal; font-weight: 400; text-align: justify;\">Com a IMOBILIARIZE voc\u00ea pode ter um atendimento totalmente personalizado, com toda a estrutura que voc\u00ea necessita para a gest\u00e3o do seu condom\u00ednio. Com&nbsp;<br><\/span><span style=\"font-family: Roboto, sans-serif; font-size: 14px; font-style: normal; font-variant-ligatures: normal; font-variant-caps: normal; font-weight: 400; text-align: justify; color: var( --e-global-color-f3f434a );\">um aplicativo que ajuda os cond\u00f4minos a resolverem as quest\u00f5es condominiais e uma assessoria com quest\u00f5es de gest\u00e3o condominial que facilita a vida dos cond\u00f4minos.&nbsp;<br><\/span><\/p>\n<p><span style=\"font-family: Roboto, sans-serif; font-size: 14px; font-style: normal; font-variant-ligatures: normal; font-variant-caps: normal; font-weight: 400; text-align: justify; color: var( --e-global-color-f3f434a );\">Os benef\u00edcios da IMOBILIARIZE s\u00e3o:<br>\u2022 Atendimento personalizado para atender adequadamente as necessidades do seu condom\u00ednio;<br>\u2022 Profissionalismo e experi\u00eancia para resolver com agilidade e efic\u00e1cia as quest\u00f5es;<br>\u2022 Transpar\u00eancia e confian\u00e7a para lidar com assuntos financeiros;<br>\u2022 Facilidade na resolu\u00e7\u00e3o de problemas burocr\u00e1ticos.&nbsp;<\/span><\/p>\t\t\t\t\t\t<\/div>\n\t\t\t\t<\/div>\n\t\t\t\t\t<\/div>\n\t\t<\/div>\n\t\t\t\t\t\t\t<\/div>\n\t\t<\/section>\n\t\t\t\t\t\t\t<\/div>\n\t\t","protected":false},"excerpt":{"rendered":"<p>Sobre Sobre a Imobiliarize. IMOBILIARIZE, uma administradora inovadora, remota e totalmente personalizada!&nbsp; Nosso prop\u00f3sito \u00e9 oferecer uma gest\u00e3o completa, \u00e1gil e transparente, por isso, dispomos de um sistema moderno e de f\u00e1cil utiliza\u00e7\u00e3o, que oferece para cada cond\u00f4mino um acesso personalizado, fazendo diferen\u00e7a na hora de contar com os benef\u00edcios que o seu condom\u00ednio oferece.&nbsp; [&hellip;]<\/p>\n","protected":false},"author":1,"featured_media":0,"parent":0,"menu_order":0,"comment_status":"closed","ping_status":"closed","template":"elementor_header_footer","meta":{"_bbp_topic_count":0,"_bbp_reply_count":0,"_bbp_total_topic_count":0,"_bbp_total_reply_count":0,"_bbp_voice_count":0,"_bbp_anonymous_reply_count":0,"_bbp_topic_count_hidden":0,"_bbp_reply_count_hidden":0,"_bbp_forum_subforum_count":0},"aioseo_notices":[],"_links":{"self":[{"href":"https:\/\/imobiliarize.com.br\/teste\/wp-json\/wp\/v2\/pages\/9"}],"collection":[{"href":"https:\/\/imobiliarize.com.br\/teste\/wp-json\/wp\/v2\/pages"}],"about":[{"href":"https:\/\/imobiliarize.com.br\/teste\/wp-json\/wp\/v2\/types\/page"}],"author":[{"embeddable":true,"href":"https:\/\/imobiliarize.com.br\/teste\/wp-json\/wp\/v2\/users\/1"}],"replies":[{"embeddable":true,"href":"https:\/\/imobiliarize.com.br\/teste\/wp-json\/wp\/v2\/comments?post=9"}],"version-history":[{"count":34,"href":"https:\/\/imobiliarize.com.br\/teste\/wp-json\/wp\/v2\/pages\/9\/revisions"}],"predecessor-version":[{"id":1458,"href":"https:\/\/imobiliarize.com.br\/teste\/wp-json\/wp\/v2\/pages\/9\/revisions\/1458"}],"wp:attachment":[{"href":"https:\/\/imobiliarize.com.br\/teste\/wp-json\/wp\/v2\/media?parent=9"}],"curies":[{"name":"wp","href":"https:\/\/api.w.org\/{rel}","templated":true}]}}